{"id":7,"date":"2015-06-14T14:53:12","date_gmt":"2015-06-14T12:53:12","guid":{"rendered":"http:\/\/neu.famscheuss.ch\/?page_id=7"},"modified":"2015-06-14T18:16:12","modified_gmt":"2015-06-14T16:16:12","slug":"kontakt","status":"publish","type":"page","link":"https:\/\/www.famscheuss.ch\/index.php\/kontakt\/","title":{"rendered":"Kontakt"},"content":{"rendered":"<p><strong>\u00d6ffnungszeiten:<\/strong><\/p>\n<p><strong>Samstag ab 9:30 Uhr<\/strong>, ansonsten:<\/p>\n<p>Erreichbar sind wir oft,<br \/>\ngrunds\u00e4tzlich 6 Tage die Woch.<br \/>\nDa wir uns als Bauern sehn,<br \/>\nmelken, z\u00e4unen und heuen gehn,<br \/>\nk\u00f6nnten wir nicht zu Hause sein,<br \/>\nund Sie stehn vor geschlossner T\u00fcr, allein.<br \/>\nDaher, machen Sie doch einen Termin,<br \/>\nSie k\u00f6nnen es per Telefon, Fax oder Mail probiern.<\/p>\n<p><strong>Tel.\/Fax<\/strong>: 071 455 19 43<\/p>\n<p><strong>Mail:<\/strong><\/p>\n\n<div class=\"wpcf7 no-js\" id=\"wpcf7-f11-o1\" lang=\"de-DE\" dir=\"ltr\" data-wpcf7-id=\"11\">\n<div class=\"screen-reader-response\"><p role=\"status\" aria-live=\"polite\" aria-atomic=\"true\"><\/p> <ul><\/ul><\/div>\n<form action=\"\/index.php\/wp-json\/wp\/v2\/pages\/7#wpcf7-f11-o1\" method=\"post\" class=\"wpcf7-form init\" aria-label=\"Kontaktformular\" novalidate=\"novalidate\" data-status=\"init\">\n<fieldset class=\"hidden-fields-container\"><input type=\"hidden\" name=\"_wpcf7\" value=\"11\" \/><input type=\"hidden\" name=\"_wpcf7_version\" value=\"6.1.5\" \/><input type=\"hidden\" name=\"_wpcf7_locale\" value=\"de_DE\" \/><input type=\"hidden\" name=\"_wpcf7_unit_tag\" value=\"wpcf7-f11-o1\" \/><input type=\"hidden\" name=\"_wpcf7_container_post\" value=\"0\" \/><input type=\"hidden\" name=\"_wpcf7_posted_data_hash\" value=\"\" \/>\n<\/fieldset>\n<p>Ihr Name (Pflichtfeld)\n<\/p>\n<p><span class=\"wpcf7-form-control-wrap\" data-name=\"your-name\"><input size=\"40\" maxlength=\"400\" class=\"wpcf7-form-control wpcf7-text wpcf7-validates-as-required\" aria-required=\"true\" aria-invalid=\"false\" value=\"\" type=\"text\" name=\"your-name\" \/><\/span>\n<\/p>\n<p>Ihre E-Mail-Adresse (Pflichtfeld)\n<\/p>\n<p><span class=\"wpcf7-form-control-wrap\" data-name=\"your-email\"><input size=\"40\" maxlength=\"400\" class=\"wpcf7-form-control wpcf7-email wpcf7-validates-as-required wpcf7-text wpcf7-validates-as-email\" aria-required=\"true\" aria-invalid=\"false\" value=\"\" type=\"email\" name=\"your-email\" \/><\/span>\n<\/p>\n<p>Betreff\n<\/p>\n<p><span class=\"wpcf7-form-control-wrap\" data-name=\"your-subject\"><input size=\"40\" maxlength=\"400\" class=\"wpcf7-form-control wpcf7-text wpcf7-validates-as-required\" aria-required=\"true\" aria-invalid=\"false\" value=\"\" type=\"text\" name=\"your-subject\" \/><\/span>\n<\/p>\n<p>Ihre Nachricht\n<\/p>\n<p><span class=\"wpcf7-form-control-wrap\" data-name=\"your-message\"><textarea cols=\"40\" rows=\"10\" maxlength=\"2000\" class=\"wpcf7-form-control wpcf7-textarea\" aria-invalid=\"false\" name=\"your-message\"><\/textarea><\/span>\n<\/p>\n<p>Captcha\n<\/p>\n<p><input type=\"hidden\" name=\"_wpcf7_captcha_challenge_captcha-310\" value=\"2746187803\" \/><img loading=\"lazy\" decoding=\"async\" class=\"wpcf7-form-control wpcf7-captchac wpcf7-captcha-captcha-310\" width=\"72\" height=\"24\" alt=\"captcha\" src=\"https:\/\/www.famscheuss.ch\/wp-content\/uploads\/wpcf7_captcha\/2746187803.png\" \/><span class=\"wpcf7-form-control-wrap\" data-name=\"captcha-310\"><input size=\"40\" class=\"wpcf7-form-control wpcf7-captchar\" autocomplete=\"off\" aria-invalid=\"false\" value=\"\" type=\"text\" name=\"captcha-310\" \/><\/span>\n<\/p>\n<p><input class=\"wpcf7-form-control wpcf7-submit has-spinner\" type=\"submit\" value=\"Senden\" \/>\n<\/p><div class=\"wpcf7-response-output\" aria-hidden=\"true\"><\/div>\n<\/form>\n<\/div>\n\n","protected":false},"excerpt":{"rendered":"<p>\u00d6ffnungszeiten: Samstag ab 9:30 Uhr, ansonsten: Erreichbar sind wir oft, grunds\u00e4tzlich 6 Tage die Woch. Da wir uns als Bauern sehn, melken, z\u00e4unen und heuen gehn, k\u00f6nnten wir nicht zu Hause sein, und Sie stehn vor geschlossner T\u00fcr, allein. Daher, machen Sie doch einen Termin, Sie k\u00f6nnen es per Telefon, Fax oder Mail probiern. Tel.\/Fax: [&hellip;]<\/p>\n","protected":false},"author":4,"featured_media":0,"parent":0,"menu_order":0,"comment_status":"closed","ping_status":"closed","template":"","meta":{"ngg_post_thumbnail":0,"footnotes":""},"class_list":["post-7","page","type-page","status-publish","hentry"],"_links":{"self":[{"href":"https:\/\/www.famscheuss.ch\/index.php\/wp-json\/wp\/v2\/pages\/7","targetHints":{"allow":["GET"]}}],"collection":[{"href":"https:\/\/www.famscheuss.ch\/index.php\/wp-json\/wp\/v2\/pages"}],"about":[{"href":"https:\/\/www.famscheuss.ch\/index.php\/wp-json\/wp\/v2\/types\/page"}],"author":[{"embeddable":true,"href":"https:\/\/www.famscheuss.ch\/index.php\/wp-json\/wp\/v2\/users\/4"}],"replies":[{"embeddable":true,"href":"https:\/\/www.famscheuss.ch\/index.php\/wp-json\/wp\/v2\/comments?post=7"}],"version-history":[{"count":6,"href":"https:\/\/www.famscheuss.ch\/index.php\/wp-json\/wp\/v2\/pages\/7\/revisions"}],"predecessor-version":[{"id":424,"href":"https:\/\/www.famscheuss.ch\/index.php\/wp-json\/wp\/v2\/pages\/7\/revisions\/424"}],"wp:attachment":[{"href":"https:\/\/www.famscheuss.ch\/index.php\/wp-json\/wp\/v2\/media?parent=7"}],"curies":[{"name":"wp","href":"https:\/\/api.w.org\/{rel}","templated":true}]}}