{"id":356,"date":"2015-06-14T16:16:33","date_gmt":"2015-06-14T14:16:33","guid":{"rendered":"http:\/\/neu.famscheuss.ch\/?page_id=356"},"modified":"2025-09-02T08:13:39","modified_gmt":"2025-09-02T06:13:39","slug":"produkte","status":"publish","type":"page","link":"https:\/\/www.famscheuss.ch\/index.php\/produkte\/","title":{"rendered":"Produkte"},"content":{"rendered":"<h2>Milchprodukte<\/h2>\n<p><strong>Schafmilch<\/strong> ist eine gute Alternative f\u00fcr Allergiker von Kuhmilchprodukten. Sie hat einen leichten Mandelgeschmack. Der Fettgehalt ist h\u00f6her jedoch leichter verdaulich. Bei uns erh\u00e4ltlich von ca. M\u00e4rz bis Ende Okt. als Rohmilch direkt ab Hof.<\/p>\n<h2>Schafswurstwaren<\/h2>\n<h3>Rauchwurstwaren:<\/h3>\n<p><strong><img loading=\"lazy\" decoding=\"async\" class=\"ngg-singlepic ngg-none alignleft\" src=\"\/wp-content\/gallery\/produkte\/Fleisch2.jpg\" alt=\"Fleisch2\" width=\"297\" height=\"223\">Mostbr\u00f6ckli<\/strong> getrocknetes Schaffleisch fein geschnitten und vacumiert.<\/p>\n<p><strong>Bauernsch\u00fcblig<\/strong> Trockenwurst aus Schaffleisch, Rindsfett und Gew\u00fcrze Einzel- oder Paarweise vakumiert.<\/p>\n<p>&nbsp;<\/p>\n<p>&nbsp;<\/p>\n<p>&nbsp;<\/p>\n<h3>Br\u00fchwurstwaren:<\/h3>\n<p><strong><img loading=\"lazy\" decoding=\"async\" class=\"ngg-singlepic ngg-none alignleft\" src=\"\/wp-content\/gallery\/produkte\/Fleisch.jpg\" alt=\"Fleisch\" width=\"304\" height=\"228\">Sch\u00e4ferwurst<\/strong> ist ein fein struktruirter Sch\u00fcblig zum Grillieren oder auch heiss servieren. Einzel- oder Paarweise vakumiert.<br \/>\n<strong>Wienerli<\/strong> ist geschmacklich vergleichbar mit dem herk\u00f6mmlichen Wienerli. Paarweise vakumiert.<\/p>\n<p><strong>Br\u00e4t in der Folie<\/strong> gebacken im Backofen als feiner Fleischk\u00e4se geniessbar. Diverse Gr\u00f6ssen auf Bestellung!<\/p>\n<p><strong>Schinken<\/strong> ist eine Alternative f\u00fcr Menschen die gerne auf das Schweinefleisch verzichten wollen. Er ist etwas trockener in der Konsistenz als der Herk\u00f6mmliche. Er ist bei uns erh\u00e4ltlich in Tranchen geschnitten und vakumiert.<\/p>\n<h2>Lammfleisch<\/h2>\n<p><img loading=\"lazy\" decoding=\"async\" class=\"ngg-singlepic ngg-none alignright\" src=\"\/wp-content\/gallery\/produkte\/Fleisch3.jpg\" alt=\"Fleisch3\" width=\"302\" height=\"226\">Das Lammfleisch vom Milchschaf ist milder im Geschmack wie das herk\u00f6mmliche Lammfleisch. Von Ostern bis Pfingsten erhalten Sie bei uns die feinen St\u00fccke des Milchlammes. Gegen den Herbst gibt es Weidelamm, bei denen die Einzelst\u00fccke gr\u00f6sser und schwerer sind.<br \/>\nVia Homepage oder Post erhalten Sie die Information, wenn Sie frisches Lammfleisch erhalten ab Hof. Im Hofladen bieten wir das ganze Jahr gefrorenes, einzel portioniertes und vakumiertes Lammfleisch an.<br \/>\nFolgende St\u00fccke: Gigot ganz, Gigotsteak, Kotlett, Rollbraten, Gehacktes, sowie Pl\u00e4tzli, Geschnetzeltes, Hackbraten und Lammburger!<\/p>\n<h2>Schaf- und Lammfelle<\/h2>\n<p><img loading=\"lazy\" decoding=\"async\" class=\"ngg-singlepic ngg-none alignleft\" src=\"\/wp-content\/gallery\/produkte\/Fell2.jpg\" alt=\"Fell2\" width=\"140\" height=\"186\">Wir empfehlen Ihnen sich die sch\u00f6nen braunen und weissen Felle anzusehen. Immer ein guter Geschenkstipp!<\/p>\n<p>&nbsp;<\/p>\n<p>&nbsp;<\/p>\n<p>&nbsp;<\/p>\n<p>&nbsp;<\/p>\n<h2>pasteurisierter S\u00fcssmost in Bag in Box<img loading=\"lazy\" decoding=\"async\" class=\"ngg-singlepic ngg-none alignright\" src=\"\/wp-content\/gallery\/produkte\/S%C3%BCssmost.jpg\" alt=\"S\u00fcssmost\" width=\"165\" height=\"124\"><\/h2>\n<p>Jedes Jahr tragen unsere Hochstammb\u00e4ume herrliche Fr\u00fcchte. Aus diesen pressen und pasteurisieren wir einen Teil zu einem k\u00f6stlichen Saft! Den bieten wir in 5lt und 10lt Bag in Box an!<\/p>\n<h2>Andere Produkte auf Anfrage<\/h2>\n<p>Verschiedene Produkte ab Hof sind:<br \/>\ngekardete Wolle zum Spinnen oder ein Wollduvet herstellen<br \/>\nWollisolation und Filzprodukte (z.B.: Sitzkissen)<br \/>\ngetrocknetes Brennholz in Ster<br \/>\nHeu in Klein- und Grossballen<br \/>\nZuchtl\u00e4mmer<\/p>\n<p><strong>Da wir ein kleiner, saisonaler Betrieb sind, nehmen wir gerne Bestellungen auf und informieren Sie dann \u00fcber den Abholtermin.<\/strong><\/p>\n","protected":false},"excerpt":{"rendered":"<p>Milchprodukte Schafmilch ist eine gute Alternative f\u00fcr Allergiker von Kuhmilchprodukten. Sie hat einen leichten Mandelgeschmack. Der Fettgehalt ist h\u00f6her jedoch leichter verdaulich. Bei uns erh\u00e4ltlich von ca. M\u00e4rz bis Ende Okt. als Rohmilch direkt ab Hof. Schafswurstwaren Rauchwurstwaren: Mostbr\u00f6ckli getrocknetes Schaffleisch fein geschnitten und vacumiert. Bauernsch\u00fcblig Trockenwurst aus Schaffleisch, Rindsfett und Gew\u00fcrze Einzel- oder Paarweise [&hellip;]<\/p>\n","protected":false},"author":4,"featured_media":0,"parent":0,"menu_order":0,"comment_status":"closed","ping_status":"closed","template":"","meta":{"ngg_post_thumbnail":0,"footnotes":""},"class_list":["post-356","page","type-page","status-publish","hentry"],"_links":{"self":[{"href":"https:\/\/www.famscheuss.ch\/index.php\/wp-json\/wp\/v2\/pages\/356","targetHints":{"allow":["GET"]}}],"collection":[{"href":"https:\/\/www.famscheuss.ch\/index.php\/wp-json\/wp\/v2\/pages"}],"about":[{"href":"https:\/\/www.famscheuss.ch\/index.php\/wp-json\/wp\/v2\/types\/page"}],"author":[{"embeddable":true,"href":"https:\/\/www.famscheuss.ch\/index.php\/wp-json\/wp\/v2\/users\/4"}],"replies":[{"embeddable":true,"href":"https:\/\/www.famscheuss.ch\/index.php\/wp-json\/wp\/v2\/comments?post=356"}],"version-history":[{"count":20,"href":"https:\/\/www.famscheuss.ch\/index.php\/wp-json\/wp\/v2\/pages\/356\/revisions"}],"predecessor-version":[{"id":512,"href":"https:\/\/www.famscheuss.ch\/index.php\/wp-json\/wp\/v2\/pages\/356\/revisions\/512"}],"wp:attachment":[{"href":"https:\/\/www.famscheuss.ch\/index.php\/wp-json\/wp\/v2\/media?parent=356"}],"curies":[{"name":"wp","href":"https:\/\/api.w.org\/{rel}","templated":true}]}}